{"id":122,"date":"2023-12-28T11:38:38","date_gmt":"2023-12-28T10:38:38","guid":{"rendered":"http:\/\/blogcinemacentansdejeunesse.org\/filmer-l-autre\/?page_id=122"},"modified":"2023-12-28T11:38:38","modified_gmt":"2023-12-28T10:38:38","slug":"regras-do-jogo","status":"publish","type":"page","link":"http:\/\/blogcinemacentansdejeunesse.org\/filmer-l-autre\/regras-do-jogo\/","title":{"rendered":"Regras do jogo"},"content":{"rendered":"\n<p class=\"has-text-align-center\">CINEMA CEM ANOS DE JUVENTUDE<\/p>\n\n\n\n<p class=\"has-text-align-center\">ANO 2023-2024<\/p>\n\n\n\n<p class=\"has-text-align-center\">FILMAR O OUTRO &#8211; O GESTO DOCUMENTAL<\/p>\n\n\n\n<p><strong>I &#8211; OS EXERC\u00cdCIOS&nbsp;<\/strong><\/p>\n\n\n\n<p><strong>EXERC\u00cdCIO 1<\/strong><\/p>\n\n\n\n<p><strong>A escolher: op\u00e7\u00e3o 1 ou op\u00e7\u00e3o 2. <\/strong>Se a turma estiver dividida em v\u00e1rios grupos diferentes, cada grupo poder\u00e1 escolher a op\u00e7\u00e3o que preferir.<\/p>\n\n\n\n<p><strong>Op\u00e7\u00e3o 1:&nbsp;<\/strong><\/p>\n\n\n\n<p><strong>Filmar o trabalho,<\/strong> num plano sequ\u00eancia livre, <strong>fixo ou em movimento<\/strong>, prestando especial aten\u00e7\u00e3o ao som.&nbsp;<\/p>\n\n\n\n<p>A partir dos filmes Lumi\u00e8re e da s\u00e9rie <em>Labour in a single shot<\/em>.<\/p>\n\n\n\n<p><em>Sugest\u00f5es: o mesmo trabalho que se realiza em diversos pa\u00edses (padaria, correios, etc.)<\/em><\/p>\n\n\n\n<p><em>Trabalhos que normalmente n\u00e3o vemos, surpreendentes.<\/em><\/p>\n\n\n\n<p><em>O trabalho segundo os diversos lugares: centro das cidades, periferias, aldeias, etc.<\/em><\/p>\n\n\n\n<p><strong>Dura\u00e7\u00e3o: 2&prime; m\u00e1ximo (plano sequ\u00eancia)<\/strong><\/p>\n\n\n\n<p><strong>Exerc\u00edcio individual <\/strong>(de prefer\u00eancia no formato horizontal se filmado com telem\u00f3vel) <strong>ou em pequenos grupos.<\/strong><\/p>\n\n\n\n<p><\/p>\n\n\n\n<p><strong>Op\u00e7\u00e3o 2:<\/strong><\/p>\n\n\n\n<p><strong>Retrato de um animal, <\/strong>n\u00e3o no que ele tem de familiar, de pr\u00f3ximo, mas destacando a sua diferen\u00e7a, a sua singularidade: a sua esp\u00e9cie animal, e o que o torna diferente de outros animais de sua esp\u00e9cie&#8230;&nbsp;<\/p>\n\n\n\n<p>Prestar aten\u00e7\u00e3o ao som, aos detalhes, \u00e0s sensa\u00e7\u00f5es.<\/p>\n\n\n\n<p>Pode ser um animal livre, de rua, ou \u00a0\u00bb de estima\u00e7\u00e3o \u00a0\u00bb (gato, c\u00e3o&#8230;).<\/p>\n\n\n\n<p><strong>Dura\u00e7\u00e3o: 2&prime; m\u00e1ximo (1 a 5 planos no m\u00e1ximo)<\/strong><\/p>\n\n\n\n<p><strong>Exerc\u00edcio individual <\/strong>(de prefer\u00eancia horizontal se filmado com telem\u00f3vel) <strong>ou em pequenos grupos<\/strong><\/p>\n\n\n\n<p><\/p>\n\n\n\n<p><strong>EXERC\u00cdCIO 2<\/strong><\/p>\n\n\n\n<p>Filmar algu\u00e9m escolhendo <strong>que tipo de rela\u00e7\u00e3o<\/strong> <strong>com ele<\/strong> adoptar para a filmagem:<\/p>\n\n\n\n<p>&#8211; ficar totalmente exterior, sem rela\u00e7\u00e3o.<\/p>\n\n\n\n<p>&#8211; dialogar com ele (imaginando em que dispositivo)<\/p>\n\n\n\n<p>&#8211; gravar uma voz <em>off <\/em>ap\u00f3s a filmagem (a voz dele, ou um \u00ab\u00a0coment\u00e1rio\u00a0\u00bb ou uma \u00ab\u00a0alocu\u00e7\u00e3o\u00a0\u00bb).<\/p>\n\n\n\n<p><strong>Dura\u00e7\u00e3o: 2&prime; no m\u00e1ximo (m\u00e1ximo de 5 planos)<\/strong><\/p>\n\n\n\n<p><strong>Exerc\u00edcio em grupos<\/strong><\/p>\n\n\n\n<p><\/p>\n\n\n\n<p><strong>EXERC\u00ccCIO 3<\/strong><\/p>\n\n\n\n<p><strong>Apresenta\u00e7\u00e3o de um lugar<\/strong> que poderia ser filmado ao longo das esta\u00e7\u00f5es para o filme-ensaio de fim de ano, identificando pessoas (ou grupos de pessoas) que se encontram a\u00ed e poderiam tamb\u00e9m tornar-se personagens do filme document\u00e1rio.<\/p>\n\n\n\n<p><em>Reperagens <\/em>e filmagens em pequenos grupos: cada um escolhe um elemento dentro desse lugar.<\/p>\n\n\n\n<p>Os professores e cineastas que o desejem podem pedir aos alunos para come\u00e7arem por compor a banda sonora (sons do lugar, uma voz <em>off<\/em> e m\u00fasica, eventualmente) e depois montar as imagens filmadas.<\/p>\n\n\n\n<p><strong>Dura\u00e7\u00e3o: 3&prime; m\u00e1ximo<\/strong><\/p>\n\n\n\n<p><strong>Exerc\u00edcio em grupos<\/strong><\/p>\n\n\n\n<p><\/p>\n\n\n\n<p><strong>II. O FILME DOCUMENT\u00c1RIO DE FIM DE ANO<\/strong><\/p>\n\n\n\n<p>Este ano, o filme \u00e9 constru\u00eddo<strong> de forma bastante livre, <\/strong>mas<strong> ao longo do ano lectivo. O trabalho de <\/strong><strong><em>rep\u00e9rage<\/em><\/strong><strong>&nbsp; realizado nos diferentes exerc\u00edcios pode inspirar o filme.<\/strong><\/p>\n\n\n\n<p><strong>O fio condutor do filme pode ser: explora\u00e7\u00e3o de um lugar \/ um ou mais protagonistas\/ acompanhar um acontecimento que se prepara ao longo do tempo, etc.<\/strong><\/p>\n\n\n\n<p><strong><em>Metodologia:<\/em><\/strong><em> altern\u00e2ncia de momentos de filmagem e de montagens ao longo dos meses da oficina.<\/em><\/p>\n\n\n\n<p><em>Este m\u00e9todo implica que os participantes da oficina decidam bastante cedo, no in\u00edcio do ano, quais s\u00e3o \u201cos&nbsp; outros\u00a0\u00bb de quem eles querem aproximar-se com o cinema, e em que lugar.<\/em><\/p>\n\n\n\n<p><em>Um exemplo: um grupo escolhe filmar a popula\u00e7\u00e3o que frequenta um jardim p\u00fablico nas proximidades, j\u00e1 filmado no exerc\u00edcio 3, alguns protagonistas (por exemplo: um jardineiro cujo trabalho poderia acompanhar-se ao longo das esta\u00e7\u00f5es; o pessoal de limpeza nocturna; algu\u00e9m que tem que atravessar diariamente o jardim para ir para o trabalho; uma baby sitter que costuma passear um beb\u00e9; um homem que muitas vezes a\u00ed passeia com os seus c\u00e3es; um sem-abrigo que elegeu a\u00ed o seu territ\u00f3rio provis\u00f3rio, etc.)<\/em><\/p>\n\n\n\n<p><em>De prefer\u00eancia, evitar-se-\u00e1 filmar nos estabelecimentos escolares.<\/em><\/p>\n\n\n\n<p><strong>Dura\u00e7\u00e3o m\u00e1xima: 10 minutos (gen\u00e9rico inclu\u00eddo).<\/strong><\/p>\n","protected":false},"excerpt":{"rendered":"<p>CINEMA CEM ANOS DE JUVENTUDE ANO 2023-2024 FILMAR O OUTRO &#8211; O GESTO DOCUMENTAL I &#8211; OS EXERC\u00cdCIOS&nbsp; EXERC\u00cdCIO 1 A escolher: op\u00e7\u00e3o 1 ou op\u00e7\u00e3o 2. Se a turma estiver dividida em v\u00e1rios grupos diferentes, cada grupo poder\u00e1 escolher &hellip; <a href=\"http:\/\/blogcinemacentansdejeunesse.org\/filmer-l-autre\/regras-do-jogo\/\">Continuer la lecture <span class=\"meta-nav\">&rarr;<\/span><\/a><\/p>\n","protected":false},"author":1,"featured_media":0,"parent":0,"menu_order":0,"comment_status":"closed","ping_status":"closed","template":"","meta":{"_coblocks_attr":"","_coblocks_dimensions":"","_coblocks_responsive_height":"","_coblocks_accordion_ie_support":""},"_links":{"self":[{"href":"http:\/\/blogcinemacentansdejeunesse.org\/filmer-l-autre\/wp-json\/wp\/v2\/pages\/122"}],"collection":[{"href":"http:\/\/blogcinemacentansdejeunesse.org\/filmer-l-autre\/wp-json\/wp\/v2\/pages"}],"about":[{"href":"http:\/\/blogcinemacentansdejeunesse.org\/filmer-l-autre\/wp-json\/wp\/v2\/types\/page"}],"author":[{"embeddable":true,"href":"http:\/\/blogcinemacentansdejeunesse.org\/filmer-l-autre\/wp-json\/wp\/v2\/users\/1"}],"replies":[{"embeddable":true,"href":"http:\/\/blogcinemacentansdejeunesse.org\/filmer-l-autre\/wp-json\/wp\/v2\/comments?post=122"}],"version-history":[{"count":1,"href":"http:\/\/blogcinemacentansdejeunesse.org\/filmer-l-autre\/wp-json\/wp\/v2\/pages\/122\/revisions"}],"predecessor-version":[{"id":123,"href":"http:\/\/blogcinemacentansdejeunesse.org\/filmer-l-autre\/wp-json\/wp\/v2\/pages\/122\/revisions\/123"}],"wp:attachment":[{"href":"http:\/\/blogcinemacentansdejeunesse.org\/filmer-l-autre\/wp-json\/wp\/v2\/media?parent=122"}],"curies":[{"name":"wp","href":"https:\/\/api.w.org\/{rel}","templated":true}]}}